{"id":1020,"date":"2022-11-21T06:57:29","date_gmt":"2022-11-21T05:57:29","guid":{"rendered":"https:\/\/psyoco.de\/?page_id=1020"},"modified":"2024-01-28T10:39:22","modified_gmt":"2024-01-28T09:39:22","slug":"michael-walkenhorst","status":"publish","type":"page","link":"https:\/\/psyoco.de\/?page_id=1020","title":{"rendered":"Michael Walkenhorst"},"content":{"rendered":"\n<div class=\"wp-block-media-text alignwide is-stacked-on-mobile is-vertically-aligned-top\" style=\"grid-template-columns:31% auto\"><figure class=\"wp-block-media-text__media\"><img loading=\"lazy\" decoding=\"async\" width=\"300\" height=\"300\" src=\"https:\/\/psyoco.de\/wp-content\/uploads\/2024\/01\/michael-01.png\" alt=\"\" class=\"wp-image-1723 size-full\" srcset=\"https:\/\/psyoco.de\/wp-content\/uploads\/2024\/01\/michael-01.png 300w, https:\/\/psyoco.de\/wp-content\/uploads\/2024\/01\/michael-01-150x150.png 150w, https:\/\/psyoco.de\/wp-content\/uploads\/2024\/01\/michael-01-600x600.png 600w\" sizes=\"auto, (max-width: 300px) 100vw, 300px\" \/><\/figure><div class=\"wp-block-media-text__content\">\n<p><strong>Ausbildungsleitung bei Psychologisches Yoga-Coaching<\/strong><\/p>\n\n\n\n<h3 class=\"wp-block-heading\"><\/h3>\n\n\n\n<p>Geboren 1963 in Darmstadt, verheiratet, ein Kind.<\/p>\n\n\n\n<p>Seit meinem 18. Lebensjahr arbeite ich mit Menschen unterschiedlichen Alters in verschiedenen Settings. 1985 begann ich meine Ausbildung zum staatlich anerkannten Erzieher.<\/p>\n\n\n\n<p>Seit 1990 bin ich in unterschiedlichsten Bereichen sozialer Arbeitsfelder als Fachkraft t\u00e4tig.<\/p>\n\n\n\n<p>2013 er\u00f6ffnete ich meine eigene Praxis mit den Schwerpunkten psychologische Beratung, Coaching und Supervision.<\/p>\n<\/div><\/div>\n\n\n<!-- wp:themify-builder\/canvas \/-->","protected":false},"excerpt":{"rendered":"<p>Ausbildungsleitung bei Psychologisches Yoga-Coaching Geboren 1963 in Darmstadt, verheiratet, ein Kind. Seit meinem 18. Lebensjahr arbeite ich mit Menschen unterschiedlichen Alters in verschiedenen Settings. 1985 begann ich meine Ausbildung zum staatlich anerkannten Erzieher. Seit 1990 bin ich in unterschiedlichsten Bereichen sozialer Arbeitsfelder als Fachkraft t\u00e4tig. 2013 er\u00f6ffnete ich meine eigene Praxis mit den Schwerpunkten psychologische [&hellip;]<\/p>\n","protected":false},"author":1,"featured_media":0,"parent":0,"menu_order":0,"comment_status":"closed","ping_status":"closed","template":"","meta":{"footnotes":""},"class_list":["post-1020","page","type-page","status-publish","hentry","has-post-title","has-post-date","has-post-category","has-post-tag","has-post-comment","has-post-author",""],"builder_content":"<p>Hinzu kamen im Laufe der Jahre die Arbeit als freier Dozent und Ausbildungsleitung an verschiedenen Schulen deutschlandweit mit dem Schwerpunkt psychologischer Fachfortbildung und Ausbildung. Im Rahmen dieser T\u00e4tigkeit biete ich unter anderem Ausbildungen zum Kinder- und Jugendcoach, Psychologischen Berater, und gemeinsam mit meiner Frau Sandra Walkenhorst zum (Yoga-)Coach f\u00fcr Kinder, Jugendliche &amp; Familien und PsYoCo - Psychologischer Yoga-Coach an.<\/p>\n<p><br \/>Desweiteren arbeite ich als Dozent f\u00fcr Fachfortbildungen mit dem Schwerpunkt Psychologie an der Naturopath-Schule f\u00fcr Heilpraktiker in Seeheim und dem Ausbildungsinstitut f\u00fcr Heilpraktiker in N\u00fcrnberg.<\/p> <p>Autor des Buches \"<strong>Yoga trifft Coaching<\/strong> - Psychologisches Basiswissen und Tools f\u00fcr Lehrende\" erschienen im Herbst 2020 im Meyer &amp; Meyer Verlag.<br \/>Autor des Buches \"<strong>Coaching f\u00fcr Kinder und Jugendliche<\/strong>\", welches im Herbst 2022 im Meyer &amp; Meyer Verlag erschienen ist.<\/p> <p><strong>Ausbildungsleitung bei Psychologisches Yoga-Coaching<br \/>Ausbildungsleitung bei Coach f\u00fcr Kinder, Jugendliche &amp; Familien<\/strong><br \/><strong>Ausbildungsleitung bei Psychologischer Berater<br \/>Ausbildungsleitung bei Kinder-und Jugendcoaching<\/strong><\/p>\n<p><br \/>Staatlich anerkannter Erzieher an der Alice-Eleonoren-Schule DarmstadtPsychologischer Berater - Personal Coach SGD\u201eGespr\u00e4chstherapie (TMI)\u201c am Thermedius- Institut Darmstadt<br \/>\u201eSystemischer NLP-Basic Practitioner\u201c bei Nexus, Hirschberg<br \/>\u201eMobbingberater\u201c an der Paracelsus Schule Mainz\u201ePsychoonkologischer Berater\u201c am Thermedius- Institut Darmstadt<br \/>\u201eTrainer f\u00fcr Stressmanagement\u201c an der Wirtschaftsakademie Pfalz<br \/>\u201eMediation\u201c am Thermedius- Institut Darmstadt<br \/>\u201eBurnout-Berater\u201c an der Paracelsus Schule Mainz<br \/>\u201ePaartherapie\u201c am Thermedius- Institut Darmstadt<br \/>\u201eSchemacoaching und Fokaltherapie\u201c am IST-Frankfurt<br \/>\u201eSystemische und l\u00f6sungsorientierte Beratung Kompakt\u201c am Praxis Institut Hanau<br \/>\u201eHypnotiseur\/ Hypnosecoach\u201c am am Thermedius- Institut Darmstadt<br \/>\u201eVerhaltenstherapie f\u00fcr Kinder und Erwachsene\u201c an der Paracelsus Schule Mainz<br \/>\u201eTransaktionsanalyse\u201c am Odenwaldinstitut, Tromm<br \/>\u201eEMDR\/EMI-Coaching\u201c an der Paracelsus Schule Mannheim und Thermedius-Institut Darmstadt<br \/>\u201eACT (Akzeptanz und Commitment-Therapie)\u201c an der Akademie im Park, Wiesloch<br \/>\u201eTrauerbegleitung\u201c an der Paracelsus Schule Frankfurt<br \/>\u201eEgo State-Arbeit\u201c am Praxis Institut Hanau<br \/>\u201eHakomi Processing\u201c am Hakomi Institute of Europe e.V.<br \/>\u201eSomatic Experiencing\u201c am Helm Stierlin Institut e.V.<br \/>\u201eGewaltfreie Kommunikation\u201c an der Paracelsus Schule Mainz<br \/>\u201eExistenzanalyse nach Victor Frankl\u201c an der Paracelsus schule Frankfurt<br \/>\u201eSchattenarbeit nach C.G. Jung\u201c an der Paracelsus Schule Mainz<br \/>\u201eLebensstilanalyse nach Alfred Adler\u201c an der Paracelsus Schule Frankfurt<br \/>\u201eEinf\u00fchrung in die Gestaltpsychologie\u201c an der Paracelsus Schule Frankfurt<br \/>\u201eInneres Team nach Schulz von Thun\u201c an der Paracelsus Schule Mainz<br \/>\u201eSystemische Aufstellungen mit dem Systembrett\u201c an der Paracelsus Schule Mainz<br \/>\u201eL\u00f6sungsorientierte Kurzzeitberatung nach Insoo Kim Berg und Steve de Shazer\u201c an der Paracelsus Schule Mainz<br \/>\u201eYoga-Nidra Lehrer\u201c bei Marc Fenner<\/p>\n<h3>Weitere erworbene Weiterbildungskompetenzen in den Bereichen:<\/h3> <p>Verhaltens- und Tiefenpsychologie, Erwachsenenbildung, P\u00e4dagogik, Eltern- und Erziehungsberatung.<\/p>\n<h3>Verbandsmitgliedschaft:<\/h3> <p>Mitglied im Verband Freier Psychotherapeuten, Heilpraktiker f\u00fcr Psychotherapie und Psychologischer Berater (VFP)<\/p>\n\n\n<p><a title=\"zur Webseite von Michael\" href=\"https:\/\/psychologische-beratung-griesheim.de\" target=\"_blank\" rel=\"noopener\"><img src=\"https:\/\/psyoco.de\/wp-content\/uploads\/2022\/11\/M-Logo-250.png\" alt=\"\" width=\"148\" height=\"150\" \/><\/a><\/p>\n<p><a title=\"zur Webseite\" href=\"https:\/\/www.heilpraktiker-institut.de\/psychologischer-berater\/\" target=\"_blank\" rel=\"noopener\"><img src=\"https:\/\/psyoco.de\/wp-content\/uploads\/2022\/11\/logo-web-center2x-1-300x81.png\" alt=\"\" width=\"300\" height=\"81\" \/><\/a><\/p>\n<p><a title=\"zur Webseite\" href=\"https:\/\/www.naturopath.de\/fortbildungen\/emdr\/\" target=\"_blank\" rel=\"noopener\"><img src=\"https:\/\/psyoco.de\/wp-content\/uploads\/2022\/11\/naturopath_header-1-300x39.png\" alt=\"\" width=\"300\" height=\"39\" \/><\/a><\/p>\n<p><a title=\"zur Webseite\" href=\"https:\/\/www.vfp.de\/\" target=\"_blank\" rel=\"noopener\"><img src=\"https:\/\/psyoco.de\/wp-content\/uploads\/2022\/11\/wpcb2ed62b_05_06.jpg\" alt=\"\" width=\"143\" height=\"163\" \/><\/a><\/p>\n<h2><strong>Bist Du bereit f\u00fcr (D)Eine (Helden-)Reise?<\/strong><\/h2>","_links":{"self":[{"href":"https:\/\/psyoco.de\/index.php?rest_route=\/wp\/v2\/pages\/1020","targetHints":{"allow":["GET"]}}],"collection":[{"href":"https:\/\/psyoco.de\/index.php?rest_route=\/wp\/v2\/pages"}],"about":[{"href":"https:\/\/psyoco.de\/index.php?rest_route=\/wp\/v2\/types\/page"}],"author":[{"embeddable":true,"href":"https:\/\/psyoco.de\/index.php?rest_route=\/wp\/v2\/users\/1"}],"replies":[{"embeddable":true,"href":"https:\/\/psyoco.de\/index.php?rest_route=%2Fwp%2Fv2%2Fcomments&post=1020"}],"version-history":[{"count":0,"href":"https:\/\/psyoco.de\/index.php?rest_route=\/wp\/v2\/pages\/1020\/revisions"}],"wp:attachment":[{"href":"https:\/\/psyoco.de\/index.php?rest_route=%2Fwp%2Fv2%2Fmedia&parent=1020"}],"curies":[{"name":"wp","href":"https:\/\/api.w.org\/{rel}","templated":true}]}}