{"id":1227,"date":"2022-11-23T06:52:33","date_gmt":"2022-11-23T05:52:33","guid":{"rendered":"https:\/\/psyoco.de\/?page_id=1227"},"modified":"2024-10-07T11:55:20","modified_gmt":"2024-10-07T09:55:20","slug":"ausbildung-psyoco","status":"publish","type":"page","link":"https:\/\/psyoco.de\/?page_id=1227","title":{"rendered":"Ausbildung PsYoCo"},"content":{"rendered":"<!-- wp:themify-builder\/canvas \/-->","protected":false},"excerpt":{"rendered":"","protected":false},"author":1,"featured_media":0,"parent":0,"menu_order":0,"comment_status":"closed","ping_status":"closed","template":"","meta":{"footnotes":""},"class_list":["post-1227","page","type-page","status-publish","hentry","has-post-title","has-post-date","has-post-category","has-post-tag","has-post-comment","has-post-author",""],"builder_content":"<h3><strong>PsYoCo<\/strong><strong>\u00ae <\/strong><strong>- Psychologischer Yoga-Coach<\/strong><\/h3> <p><strong><br \/>Was ist Yoga-Coaching?<\/strong><\/p> <p>Yoga-Coaching ist die einzigartige Symbiose aus Yoga und unterschiedlichen psychologischen Tools. Durch diese Zusammenf\u00fchrung der beiden Bereiche entstand etwas Neues, beide Bereiche bereicherndes.<\/p> <p>Sandra Walkenhorst als Yogalehrerin und P\u00e4dagogin und Michael Walkenhorst als multiprofessioneller Coach, Supervisor und P\u00e4dagoge haben ihr Wissen aus ihrer jahrzehntelangen Praxis vereint. Das Besondere an diesem Ansatz ist, dass er eklektisch (also schulen\u00fcbergreifend) ist und somit ein breites Spektrum aus unterschiedlichen psychologischen Ans\u00e4tzen bietet. Yoga zu unterrichten stellt die Lehrenden heute vor v\u00f6llig neue Herausforderungen. Kamen die Menschen noch vor einigen Jahren haupts\u00e4chlich mit k\u00f6rperlichen Beschwerden, so ist heute ein wichtiger Aspekt die Salutogenese. Viele Menschen leiden unter Stress und \u00dcberlastung. In der t\u00e4glichen Yogapraxis erleben Yogalehrer regelm\u00e4\u00dfig, dass Sch\u00fcler durch und mit der Yogapraxis an eigene psychische Themen gelangen, die sich aus der erg\u00e4nzenden Sicht des Zusammenwirkens von Yoga mit psychologischen Interventionsmethoden bestens begleiten lassen.<\/p> <p>Deshalb ist es f\u00fcr dich als Yogalehrer:in, heute vielleicht wichtiger denn je, auch eine fachliche Basis im Bereich der Psychologie zu erlangen. Mittels unterschiedlicher Coaching-Tools bef\u00e4higst du dich so auf deine Klienten eingehen zu k\u00f6nnen, aber auch dich selbst als Lehrer:in zu sch\u00fctzen und die eigenen Grenzen zu erkennen. Deshalb ist ein wichtiger Teil des Yoga-Coaching die Selbstreflexion und Selbstsupervision.<\/p> <p><strong>Was bietet Yoga-Coaching?<\/strong><\/p> <p>Yoga Coaching bietet einen Gewinn, sowohl f\u00fcr dich als Yogalehrer:in, als auch f\u00fcr deine Sch\u00fcler:innen. Als Lehrer:in lernst du dich selbst besser kennen. Hier k\u00f6nnen Coaching-Tools eine stimmige und sehr bereichernde Erg\u00e4nzung zur Yogaphilosophie sein. Die eigenen Grenzen besser zu (er-)kennen und zu wahren und auch mit schwierigen und herausfordernden Situationen und Klienten besser umzugehen ist eine wichtige Grundlage, um authentisch und erfolgreich arbeiten zu k\u00f6nnen.<\/p> <p>Deine Sch\u00fcler:innen werden sowohl im Gruppenunterricht, als auch in der Einzelarbeit (Personaltraining) von Tools profitieren, die speziell auf sie zugeschnitten sind. Somit findet ein wirklich ganzheitlicher Unterricht statt, indem sowohl auf physiologischer, als auch auf psychischer, emotionaler und kognitiver Ebene gearbeitet wird.<\/p> <p><strong>Die Ausbildung \u201ePsYoCo\u00ae - Psychologischer Yoga-Coach\u201c<\/strong><\/p> <p>In dieser Ausbildung mit dem Schwerpunkt klassische, wie auch neue Tools zu erleben und zu erlernen, lernst du neben der Theorie, wie du diese in der praktischen Arbeit mit deinen Yogasch\u00fclern:innen in Einzel- und Gruppensettings sinnvoll einsetzt.<\/p> <p>Du lernst Coachingtools aus unterschiedlichsten Bereichen des Coachings und der Psychologie, die so zu einer eklektischen (schulen\u00fcbergreifenden) Sicht auf den Menschen beitragen. Ein wichtiger Punkt ist hierbei auch die Kommunikation und Selbstreflexion. F\u00fcr dich als Yogalehrer:in, als auch f\u00fcr deine Sch\u00fcler sind diese eine bereichernde zus\u00e4tzliche Arbeitsform, um auf die Emotionen und Bed\u00fcrfnisse des Einzelnen und der Gruppe noch besser eingehen zu k\u00f6nnen.<\/p> <p>Im Verlauf dieser Ausbildung wirst du unter anderem verschiedene Tools aus den Bereichen der systemischen Beratung, der Transaktionsanalyse, des NLP, Schemacoaching und Fokaltherapie, EMDR, Schattenarbeit nach Jung, Entwicklungsquadrat nach Schulz von Thun, Rational-Emotive Verhaltenspsychologie, Bindungstheorie und Gestaltpsychologische Ans\u00e4tze \u00a0kennenlernen. Diese k\u00f6nnen dann individuell f\u00fcr jeden Klienten und\/oder die Gruppe selektiert und eingesetzt werden, je nach Kontext und Ziel.<\/p> <p>Diese Ans\u00e4tze aus dem Bereich der Psychologie stellen eine sinnvolle und holistische Erg\u00e4nzung zu den bereits erlernten Ans\u00e4tzen des Yoga dar. Sie schlie\u00dfen die L\u00fccke, um gemeinsam mit den Interventionsmethoden der Psychologie noch besser Antworten auf die Fragen der Klienten in der heutigen Zeit anbieten zu k\u00f6nnen.<\/p> <p>Die Bereitschaft zur Selbsterfahrung wird vorausgesetzt, da das eigene Erleben der Interventionstechniken sinnvoll f\u00fcr eine gewinnbringende Umsetzung in die eigene Praxis ist. Denn nur wenn du selbst etwas als wirksam erlebt hast, bist du in der Lage dieses auch authentisch zu lehren und Menschen damit zu begleiten.<\/p> <p>Ziel ist es, deinen Yogasch\u00fcler:innen eine zus\u00e4tzliche \u201ehilfreiche Leistung\u201c aus dem Bereich der Psychologie anbieten zu k\u00f6nnen. Aber auch f\u00fcr dich als Yogalehrer:in, da du dir diese Interventionstechniken zur Selbsthilfe und Reflexion nutzbar machen kannst.<\/p> <p><strong>Was uns wichtig ist:<\/strong> Wir leben und lehren Yoga und Coaching ohne Dogma. Wir m\u00f6chten dich darin unterst\u00fctzen deinen individuellen Weg zu finden, und dich dahin begleiten, wie du Psychologische Coachingtools und Yoga individuell und auf deine Weise miteinander verbindest. Das kann ganz unterschiedlich sein, je nachdem wie du arbeiten m\u00f6chtest. So ist diese Ausbildung eine individuelle Reise, in der im Anschlu\u00df deine ganz eigene Art und Weise zu unterrichten im Vordergrund steht.<\/p> <p><strong>Einsatzfelder k\u00f6nnen sein<\/strong>: Personal-Coaching im Einzelsetting, wie auch in der Gruppe f\u00fcr Erwachsene, Eltern und Kinder in Begleitung von Prozessen mit Coachingtools, Pers\u00f6nlichkeitsentwicklung und Beratung in Krisen und Umbr\u00fcchen, Hilfestellung bei Entscheidungsprozessen und Lebensumbr\u00fcchen, aber auch zur eigenen pers\u00f6nlichen Weiterentwicklung.<\/p> <p><strong>Voraussetzung:<\/strong> An dieser Ausbildung k\u00f6nnen alle Yogalehrer und\/oder Kinderyogalehrer teilnehmen, die eine mindest Ausbildungsdauer von 200h vorweisen k\u00f6nnen.<\/p> <p><strong>Aufbau:<\/strong> Die Ausbildung umfasst insgesamt 100h. Diese sind aufgeteilt in drei Wochenenden Unterricht, sowie eine Phase des Selbststudiums. Die Ausbildung wird von uns beiden im Team unterrichtet, um ein hohes Ma\u00df an individuellem Lernen zu erm\u00f6glichen. F\u00fcr die abschlie\u00dfende Zertifizierung erarbeitest du eine Falldokumentation im Einzel- oder Gruppensetting, die individuell in einem Einzelcoaching von uns supervidiert wird. Zus\u00e4tzlich profitieren alle Teilnehmenden von den unterschiedlichen F\u00e4hig- und Fertigkeiten die jeder Einzelne mitbringt.<\/p> <p><strong>Die Leiter der Ausbildung:<\/strong><\/p> <p><em>Sandra Walkenhorst<\/em> ist Dipl. Sozialp\u00e4dagogin, Yogalehrerin &amp; Coach<\/p> <p><em>Michael Walkenhorst<\/em> ist staatlich anerkannter Erzieher, Pychologischer Berater, Coach &amp; Supervisor<\/p> <p><strong>Das gemeinsame Buch \u201eYoga trifft Coaching: Psychologisches Basiswissen und Tools f\u00fcr Lehrende\u201c ist erschienen im Meyer &amp; Meyer Verlag und stellt das Ausbildungsmanual dar.<\/strong><\/p> <p>Wir bieten die Ausbildung in Cooperation mit der YogaWorld Academy an!<\/p>\n<img src=\"https:\/\/psyoco.de\/wp-content\/uploads\/2024\/10\/Banner-Billboard-AD-Academy-9.png\" title=\"Banner Billboard AD Academy (9)\" alt=\"Banner Billboard AD Academy (9)\" srcset=\"https:\/\/psyoco.de\/wp-content\/uploads\/2024\/10\/Banner-Billboard-AD-Academy-9.png 970w, https:\/\/psyoco.de\/wp-content\/uploads\/2024\/10\/Banner-Billboard-AD-Academy-9-300x77.png 300w, https:\/\/psyoco.de\/wp-content\/uploads\/2024\/10\/Banner-Billboard-AD-Academy-9-768x198.png 768w\" sizes=\"(max-width: 970px) 100vw, 970px\" \/>","_links":{"self":[{"href":"https:\/\/psyoco.de\/index.php?rest_route=\/wp\/v2\/pages\/1227","targetHints":{"allow":["GET"]}}],"collection":[{"href":"https:\/\/psyoco.de\/index.php?rest_route=\/wp\/v2\/pages"}],"about":[{"href":"https:\/\/psyoco.de\/index.php?rest_route=\/wp\/v2\/types\/page"}],"author":[{"embeddable":true,"href":"https:\/\/psyoco.de\/index.php?rest_route=\/wp\/v2\/users\/1"}],"replies":[{"embeddable":true,"href":"https:\/\/psyoco.de\/index.php?rest_route=%2Fwp%2Fv2%2Fcomments&post=1227"}],"version-history":[{"count":0,"href":"https:\/\/psyoco.de\/index.php?rest_route=\/wp\/v2\/pages\/1227\/revisions"}],"wp:attachment":[{"href":"https:\/\/psyoco.de\/index.php?rest_route=%2Fwp%2Fv2%2Fmedia&parent=1227"}],"curies":[{"name":"wp","href":"https:\/\/api.w.org\/{rel}","templated":true}]}}