{"id":1483,"date":"2023-04-26T11:00:10","date_gmt":"2023-04-26T09:00:10","guid":{"rendered":"https:\/\/psyoco.de\/?page_id=1483"},"modified":"2023-05-04T14:18:20","modified_gmt":"2023-05-04T12:18:20","slug":"coaching","status":"publish","type":"page","link":"https:\/\/psyoco.de\/?page_id=1483","title":{"rendered":"Coaching"},"content":{"rendered":"<!-- wp:themify-builder\/canvas \/-->\n\n<!--themify_builder_static--><h3>Werde der Yoga-Coach, der in dir auf seine Entdeckung wartet<\/h3> <p>Du hast deine Ausbildung zum Psychologischen Yoga-Coach oder Coach f\u00fcr Kinder, Jugendliche und Familien abgeschlossen <strong><em>oder befindest dich mittendrin<\/em><\/strong> und w\u00fcnschst dir noch Begleitung und Unterst\u00fctzung zum Start in dein neues Arbeitsfeld?<\/p> <p>Du arbeitest bereits als (Yoga-)Coach und w\u00fcnschst dir Begleitung, Supervision und Selbstreflektion?<\/p> <p><strong><em>Du bist interessiert an tiefergreifender Selbsterfahrung und individuellem Coaching?<\/em><\/strong><\/p> <p>Wer kennt das nicht? Am Anfang stellen sich viele Fragen: Schaffe ich das? Kann ich das? Was ist, wenn ich nicht weiter wei\u00df? Was, wenn ich \u00fcberfordert bin mit einem Thema?<\/p> <p>Ich kenne diese anf\u00e4nglichen H\u00fcrden nur allzu gut, denn als ich meine Praxis vor gut 12 Jahren er\u00f6ffnet habe, haben sich mir \u00e4hnliche Fragen gestellt. Doch du musst nicht alles allein machen. Ich unterst\u00fctze dich mit meiner Erfahrung und Expertise und begleite dich auf den ersten Schritten in deinen neuen Beruf. Egal ob es um Supervision oder auch themenspezifische Fragen geht, wir erarbeiten individuell, was du brauchst!<\/p> <p>Du kannst w\u00e4hlen zwischen einer 6-monatigen Begleitung oder einem ganzen Jahr. Wir treffen uns online per Zoom und nat\u00fcrlich kannst du auch deine Fragen vorab per Mail schicken.<\/p> <p><strong>Mein Angebot: <\/strong><\/p> <ul> <li>Selbsterfahrung<\/li> <li>Einzelsupervision<\/li> <li>Pers\u00f6nlichkeitsentwicklung<\/li> <li>Wie kann ich die Inhalte der Ausbildung f\u00fcr mein Business nutzbar machen?<\/li> <li>Starthilfe<\/li> <li>Fallsupervision<\/li> <\/ul> <p><strong>Dein Nutzen:<\/strong><\/p> <ul> <li>Du kannst die Inhalte optimal f\u00fcr dich und dein Business als Coach\/Yogalehrer in die Praxis umsetzten und nutzbar machen.<\/li> <li>Du erf\u00e4hrst eine noch tiefere Selbsterfahrung und Pers\u00f6nlichkeitsentwicklung.<\/li> <li>Du erh\u00e4lst Informationen und Hilfestellung bei der Erstellung deines Angebotes an deine Sch\u00fcler\/Klienten.<\/li> <li>Du erf\u00e4hrst Begleitung bei deinen ersten Schritten mit dem Erlernten.<\/li> <li>Du hast die M\u00f6glichkeit zur Supervision und zur Fallsupervision und erf\u00e4hrst so noch mehr Hilfe, gerade beim Thema Abgrenzung.<\/li> <li>Und das Ganze ist ganz auf dich, individuell auf deine W\u00fcnsche und Bedarfe zugeschnitten.<\/li> <\/ul> <p><strong>Kosten und Angebot:<\/strong><\/p> <ul> <li>6 Monate Begleitung (6 Termine \u00e0 90 min.) f\u00fcr \u20ac 750,-<\/li> <li>Ein-Jahres Begleitung (10 Termine \u00e0 90 min.) f\u00fcr \u20ac 1.150,-<\/li> <\/ul> <p>Bei Interesse schreib mir eine Mail an kontakt(at)psyoco.de<\/p><!--\/themify_builder_static-->","protected":false},"excerpt":{"rendered":"<p>Werde der Yoga-Coach, der in dir auf seine Entdeckung wartet Du hast deine Ausbildung zum Psychologischen Yoga-Coach oder Coach f\u00fcr Kinder, Jugendliche und Familien abgeschlossen oder befindest dich mittendrin und w\u00fcnschst dir noch Begleitung und Unterst\u00fctzung zum Start in dein neues Arbeitsfeld? Du arbeitest bereits als (Yoga-)Coach und w\u00fcnschst dir Begleitung, Supervision und Selbstreflektion? Du [&hellip;]<\/p>\n","protected":false},"author":1,"featured_media":0,"parent":0,"menu_order":0,"comment_status":"closed","ping_status":"closed","template":"","meta":{"footnotes":""},"class_list":["post-1483","page","type-page","status-publish","hentry","has-post-title","has-post-date","has-post-category","has-post-tag","has-post-comment","has-post-author",""],"builder_content":"<h3>Werde der Yoga-Coach, der in dir auf seine Entdeckung wartet<\/h3> <p>Du hast deine Ausbildung zum Psychologischen Yoga-Coach oder Coach f\u00fcr Kinder, Jugendliche und Familien abgeschlossen <strong><em>oder befindest dich mittendrin<\/em><\/strong> und w\u00fcnschst dir noch Begleitung und Unterst\u00fctzung zum Start in dein neues Arbeitsfeld?<\/p> <p>Du arbeitest bereits als (Yoga-)Coach und w\u00fcnschst dir Begleitung, Supervision und Selbstreflektion?<\/p> <p><strong><em>Du bist interessiert an tiefergreifender Selbsterfahrung und individuellem Coaching?<\/em><\/strong><\/p> <p>Wer kennt das nicht? Am Anfang stellen sich viele Fragen: Schaffe ich das? Kann ich das? Was ist, wenn ich nicht weiter wei\u00df? Was, wenn ich \u00fcberfordert bin mit einem Thema?<\/p> <p>Ich kenne diese anf\u00e4nglichen H\u00fcrden nur allzu gut, denn als ich meine Praxis vor gut 12 Jahren er\u00f6ffnet habe, haben sich mir \u00e4hnliche Fragen gestellt. Doch du musst nicht alles allein machen. Ich unterst\u00fctze dich mit meiner Erfahrung und Expertise und begleite dich auf den ersten Schritten in deinen neuen Beruf. Egal ob es um Supervision oder auch themenspezifische Fragen geht, wir erarbeiten individuell, was du brauchst!<\/p> <p>Du kannst w\u00e4hlen zwischen einer 6-monatigen Begleitung oder einem ganzen Jahr. Wir treffen uns online per Zoom und nat\u00fcrlich kannst du auch deine Fragen vorab per Mail schicken.<\/p> <p><strong>Mein Angebot: <\/strong><\/p> <ul> <li>Selbsterfahrung<\/li> <li>Einzelsupervision<\/li> <li>Pers\u00f6nlichkeitsentwicklung<\/li> <li>Wie kann ich die Inhalte der Ausbildung f\u00fcr mein Business nutzbar machen?<\/li> <li>Starthilfe<\/li> <li>Fallsupervision<\/li> <\/ul> <p><strong>Dein Nutzen:<\/strong><\/p> <ul> <li>Du kannst die Inhalte optimal f\u00fcr dich und dein Business als Coach\/Yogalehrer in die Praxis umsetzten und nutzbar machen.<\/li> <li>Du erf\u00e4hrst eine noch tiefere Selbsterfahrung und Pers\u00f6nlichkeitsentwicklung.<\/li> <li>Du erh\u00e4lst Informationen und Hilfestellung bei der Erstellung deines Angebotes an deine Sch\u00fcler\/Klienten.<\/li> <li>Du erf\u00e4hrst Begleitung bei deinen ersten Schritten mit dem Erlernten.<\/li> <li>Du hast die M\u00f6glichkeit zur Supervision und zur Fallsupervision und erf\u00e4hrst so noch mehr Hilfe, gerade beim Thema Abgrenzung.<\/li> <li>Und das Ganze ist ganz auf dich, individuell auf deine W\u00fcnsche und Bedarfe zugeschnitten.<\/li> <\/ul> <p><strong>Kosten und Angebot:<\/strong><\/p> <ul> <li>6 Monate Begleitung (6 Termine \u00e0 90 min.) f\u00fcr \u20ac 750,-<\/li> <li>Ein-Jahres Begleitung (10 Termine \u00e0 90 min.) f\u00fcr \u20ac 1.150,-<\/li> <\/ul> <p>Bei Interesse schreib mir eine Mail an kontakt(at)psyoco.de<\/p>","_links":{"self":[{"href":"https:\/\/psyoco.de\/index.php?rest_route=\/wp\/v2\/pages\/1483","targetHints":{"allow":["GET"]}}],"collection":[{"href":"https:\/\/psyoco.de\/index.php?rest_route=\/wp\/v2\/pages"}],"about":[{"href":"https:\/\/psyoco.de\/index.php?rest_route=\/wp\/v2\/types\/page"}],"author":[{"embeddable":true,"href":"https:\/\/psyoco.de\/index.php?rest_route=\/wp\/v2\/users\/1"}],"replies":[{"embeddable":true,"href":"https:\/\/psyoco.de\/index.php?rest_route=%2Fwp%2Fv2%2Fcomments&post=1483"}],"version-history":[{"count":0,"href":"https:\/\/psyoco.de\/index.php?rest_route=\/wp\/v2\/pages\/1483\/revisions"}],"wp:attachment":[{"href":"https:\/\/psyoco.de\/index.php?rest_route=%2Fwp%2Fv2%2Fmedia&parent=1483"}],"curies":[{"name":"wp","href":"https:\/\/api.w.org\/{rel}","templated":true}]}}