{"id":2336,"date":"2024-12-17T15:29:27","date_gmt":"2024-12-17T14:29:27","guid":{"rendered":"https:\/\/psyoco.de\/?page_id=2336"},"modified":"2025-02-17T19:50:34","modified_gmt":"2025-02-17T18:50:34","slug":"home-2","status":"publish","type":"page","link":"https:\/\/psyoco.de\/","title":{"rendered":"Home"},"content":{"rendered":"<!-- wp:themify-builder\/canvas \/-->","protected":false},"excerpt":{"rendered":"","protected":false},"author":1,"featured_media":0,"parent":0,"menu_order":0,"comment_status":"closed","ping_status":"closed","template":"","meta":{"footnotes":""},"class_list":["post-2336","page","type-page","status-publish","hentry","has-post-title","has-post-date","has-post-category","has-post-tag","has-post-comment","has-post-author",""],"builder_content":"<p style=\"text-align: center;\"><em>Denn nur dem, der den Mut hat den Weg zu gehen, offenbart sich der Weg.<\/em> (Paulo Coelho)<\/p>\n<h2>Die Welt braucht Dich!<br \/><\/h2>\n<p>Viele Menschen w\u00fcnschen sich authentische und sichere Begleiter auf ihrem Weg. Unsere Passion ist Dir das n\u00f6tige Wissen und R\u00fcstzeug mit auf den Weg zu geben, damit Du die Ver\u00e4nderung sein kannst. Ob Du mit Kindern oder Jugendlichen arbeitest oder als Yogalehrer\/in. Wir bestimmt das passende auch f\u00fcr Dich.<\/p>\n<p style=\"text-align: center;\"><em>Man kann einen Menschen nichts lehren, man kann ihm nur helfen, es in sich selbst zu entdecken.<\/em> (Galileo Galilei)<\/p>\n<h2>Was macht uns aus?<br \/><\/h2>\n<p>Wir schauen auf eine jahrzehntelange Berufserfahrung in unterschiedlichen Bereichen von P\u00e4dagogik und Begleitung. Wir haben vieles erlebt und ebenso viel auch bearbeitet. Das bietet uns die M\u00f6glichkeit sehr individuell auf Menschen einzugehen und auch Theorie leichtverst\u00e4ndlich ins praktische Tun bringen. Wir sind nicht nur theoretisch sehr umfangreich ausgebildet, sondern weiterhin auch in der Praxis t\u00e4tig und haben so nie den Kontakt zur realen Welt verloren, bzw. wissen, welche Themen gerade aktuell sind.<\/p>\n<h2>Wer wir sind<\/h2>\n<h2>Bist Du bereit f\u00fcr (D)Eine (Helden-)Reise?<\/h2>\n<h4><strong>So kannst Du mit uns arbeiten:<\/strong><\/h4> <h2>\u00a0<\/h2>","_links":{"self":[{"href":"https:\/\/psyoco.de\/index.php?rest_route=\/wp\/v2\/pages\/2336","targetHints":{"allow":["GET"]}}],"collection":[{"href":"https:\/\/psyoco.de\/index.php?rest_route=\/wp\/v2\/pages"}],"about":[{"href":"https:\/\/psyoco.de\/index.php?rest_route=\/wp\/v2\/types\/page"}],"author":[{"embeddable":true,"href":"https:\/\/psyoco.de\/index.php?rest_route=\/wp\/v2\/users\/1"}],"replies":[{"embeddable":true,"href":"https:\/\/psyoco.de\/index.php?rest_route=%2Fwp%2Fv2%2Fcomments&post=2336"}],"version-history":[{"count":0,"href":"https:\/\/psyoco.de\/index.php?rest_route=\/wp\/v2\/pages\/2336\/revisions"}],"wp:attachment":[{"href":"https:\/\/psyoco.de\/index.php?rest_route=%2Fwp%2Fv2%2Fmedia&parent=2336"}],"curies":[{"name":"wp","href":"https:\/\/api.w.org\/{rel}","templated":true}]}}